{"id":123,"date":"2024-04-01T15:42:25","date_gmt":"2024-04-01T15:42:25","guid":{"rendered":"https:\/\/digitaltools.javsdigital.com\/?post_type=product&#038;p=123"},"modified":"2024-04-01T22:16:39","modified_gmt":"2024-04-01T22:16:39","slug":"5-plantillas-de-excel-para-organizar-mejor-tu-trabajo","status":"publish","type":"product","link":"https:\/\/digitaltools.javsdigital.com\/?product=5-plantillas-de-excel-para-organizar-mejor-tu-trabajo","title":{"rendered":"5 plantillas de Excel para organizar mejor tu trabajo"},"content":{"rendered":"<p>[et_pb_section fb_built=\u00bb1&#8243; _builder_version=\u00bb4.16&#8243; custom_padding=\u00bb0px||||false|false\u00bb global_colors_info=\u00bb{}\u00bb][et_pb_row _builder_version=\u00bb4.16&#8243; background_size=\u00bbinitial\u00bb background_position=\u00bbtop_left\u00bb background_repeat=\u00bbrepeat\u00bb width=\u00bb100%\u00bb custom_padding=\u00bb0px||0px||false|false\u00bb global_colors_info=\u00bb{}\u00bb][et_pb_column type=\u00bb4_4&#8243; _builder_version=\u00bb4.16&#8243; custom_padding=\u00bb|||\u00bb global_colors_info=\u00bb{}\u00bb custom_padding__hover=\u00bb|||\u00bb][et_pb_wc_cart_notice _builder_version=\u00bb4.22.2&#8243; custom_button=\u00bbon\u00bb global_colors_info=\u00bb{}\u00bb][\/et_pb_wc_cart_notice][\/et_pb_column][\/et_pb_row][et_pb_row column_structure=\u00bb1_2,1_2&#8243; _builder_version=\u00bb4.22.2&#8243; background_size=\u00bbinitial\u00bb background_position=\u00bbtop_left\u00bb background_repeat=\u00bbrepeat\u00bb width=\u00bb100%\u00bb custom_margin=\u00bb50px||||false|false\u00bb custom_margin_tablet=\u00bb50px||||false|false\u00bb custom_margin_phone=\u00bb50px||||false|false\u00bb custom_margin_last_edited=\u00bbon|desktop\u00bb custom_padding=\u00bb0px||||false|false\u00bb global_colors_info=\u00bb{}\u00bb][et_pb_column type=\u00bb1_2&#8243; _builder_version=\u00bb4.16&#8243; custom_padding=\u00bb|||\u00bb global_colors_info=\u00bb{}\u00bb custom_padding__hover=\u00bb|||\u00bb][et_pb_wc_images _builder_version=\u00bb4.16&#8243; global_colors_info=\u00bb{}\u00bb][\/et_pb_wc_images][\/et_pb_column][et_pb_column type=\u00bb1_2&#8243; _builder_version=\u00bb4.16&#8243; custom_padding=\u00bb|||\u00bb global_colors_info=\u00bb{}\u00bb custom_padding__hover=\u00bb|||\u00bb][et_pb_wc_title _builder_version=\u00bb4.22.2&#8243; header_font=\u00bbPoppins|700|||||||\u00bb header_text_color=\u00bb#000000&#8243; custom_margin=\u00bb|||||false\u00bb custom_margin_tablet=\u00bb|||||false\u00bb custom_margin_phone=\u00bb|20px||20px|false|true\u00bb custom_margin_last_edited=\u00bbon|phone\u00bb header_font_size_tablet=\u00bb\u00bb header_font_size_phone=\u00bb25px\u00bb header_font_size_last_edited=\u00bbon|phone\u00bb global_colors_info=\u00bb{}\u00bb][\/et_pb_wc_title][et_pb_wc_rating _builder_version=\u00bb4.16&#8243; global_colors_info=\u00bb{}\u00bb][\/et_pb_wc_rating][et_pb_wc_price _builder_version=\u00bb4.22.2&#8243; body_font=\u00bbPoppins||||||||\u00bb body_text_color=\u00bb#00d084&#8243; custom_margin_tablet=\u00bb\u00bb custom_margin_phone=\u00bb|20px||20px|false|true\u00bb custom_margin_last_edited=\u00bbon|phone\u00bb global_colors_info=\u00bb{}\u00bb][\/et_pb_wc_price][et_pb_wc_description _builder_version=\u00bb4.22.2&#8243; body_font=\u00bbPoppins|300|||||||\u00bb body_text_color=\u00bb#000000&#8243; custom_margin_tablet=\u00bb\u00bb custom_margin_phone=\u00bb|20px||20px|false|true\u00bb custom_margin_last_edited=\u00bbon|phone\u00bb global_colors_info=\u00bb{}\u00bb][\/et_pb_wc_description][et_pb_wc_add_to_cart _builder_version=\u00bb4.22.2&#8243; _module_preset=\u00bbdefault\u00bb custom_button=\u00bbon\u00bb button_text_color=\u00bb#FFFFFF\u00bb button_bg_color=\u00bb#00d084&#8243; button_border_radius=\u00bb100px\u00bb button_font=\u00bbPoppins||||||||\u00bb button_icon_color=\u00bb#00d084&#8243; text_orientation_tablet=\u00bb\u00bb text_orientation_phone=\u00bbcenter\u00bb text_orientation_last_edited=\u00bbon|phone\u00bb global_colors_info=\u00bb{}\u00bb][\/et_pb_wc_add_to_cart][\/et_pb_column][\/et_pb_row][et_pb_row _builder_version=\u00bb4.16&#8243; background_size=\u00bbinitial\u00bb background_position=\u00bbtop_left\u00bb background_repeat=\u00bbrepeat\u00bb width=\u00bb100%\u00bb global_colors_info=\u00bb{}\u00bb][et_pb_column type=\u00bb4_4&#8243; _builder_version=\u00bb4.16&#8243; custom_padding=\u00bb|||\u00bb global_colors_info=\u00bb{}\u00bb custom_padding__hover=\u00bb|||\u00bb][et_pb_wc_tabs _builder_version=\u00bb4.16&#8243; global_colors_info=\u00bb{}\u00bb]\t\t\t\t\t[\/et_pb_wc_tabs][et_pb_wc_upsells columns_number=\u00bb3&#8243; _builder_version=\u00bb4.16&#8243; global_colors_info=\u00bb{}\u00bb][\/et_pb_wc_upsells][et_pb_wc_related_products columns_number=\u00bb3&#8243; _builder_version=\u00bb4.16&#8243; global_colors_info=\u00bb{}\u00bb][\/et_pb_wc_related_products][\/et_pb_column][\/et_pb_row][\/et_pb_section]<\/p>\n","protected":false},"excerpt":{"rendered":"<p>Una de las tantas cosas que permite hacer Excel es ordenar mejor nuestras tareas. Con un poco de creatividad, se pueden crear herramientas que faciliten el trabajo.<\/p>\n<p>descarga estas plantillas de Excel que te van a ayudar en tu proceso de crecimiento.<\/p>\n","protected":false},"featured_media":133,"comment_status":"open","ping_status":"closed","template":"","meta":{"_et_pb_use_builder":"on","_et_pb_old_content":"<strong>1.-\u00a0<\/strong><strong>Manejo del tiempo<\/strong>\r\nLa plantilla de Excel manejo del tiempo te ayudar\u00e1 a tener visibilidad de las tareas que hay que realizar y qu\u00e9 nivel de preponderancia posee cada una de ellas a fin de empezar por aquellas m\u00e1s importantes.\r\n\r\n<strong>2.-\u00a0<\/strong><strong>Calendario de planificaci\u00f3n (Gantt)<\/strong>\r\nPuedes planificar las sucesivas tareas o fases de trabajo con esta plantilla\u00a0estableciendo los d\u00edas duraci\u00f3n, dependencia de tareas\u00a0y\u00a0el estado.\r\n\r\n<strong>3.-\u00a0<\/strong><strong>Seguimiento de incidencias<\/strong>\r\nEsta plantilla te ayudar\u00e1 a gestionar las incidencias o inconvenientes que puedan surgir en tus actividades de acuerdo a la severidad y antig\u00fcedad de los mismos.\r\n\r\n<strong>4.-\u00a0<\/strong><strong>C\u00e1lculo de trabajo por hora<\/strong>\r\nPuedes utilizar esta plantilla que registra semanalmente la cantidad de horas y su valor total asociado.\r\n\r\n<strong>5.-\u00a0<\/strong><strong>C\u00e1lculo de horas extras<\/strong>\r\nEsta plantilla calcula el valor de las horas extras estableciendo el valor del monto de hora normal y hora extraordinaria.\r\n\r\nEspero que te resulten \u00fatiles.\r\n\r\n\u00a1Saludos!","_et_gb_content_width":""},"product_brand":[],"product_cat":[15],"product_tag":[],"class_list":{"0":"post-123","1":"product","2":"type-product","3":"status-publish","4":"has-post-thumbnail","6":"product_cat-uncategorized","8":"first","9":"instock","10":"shipping-taxable","11":"product-type-external"},"_links":{"self":[{"href":"https:\/\/digitaltools.javsdigital.com\/index.php?rest_route=\/wp\/v2\/product\/123","targetHints":{"allow":["GET"]}}],"collection":[{"href":"https:\/\/digitaltools.javsdigital.com\/index.php?rest_route=\/wp\/v2\/product"}],"about":[{"href":"https:\/\/digitaltools.javsdigital.com\/index.php?rest_route=\/wp\/v2\/types\/product"}],"replies":[{"embeddable":true,"href":"https:\/\/digitaltools.javsdigital.com\/index.php?rest_route=%2Fwp%2Fv2%2Fcomments&post=123"}],"wp:featuredmedia":[{"embeddable":true,"href":"https:\/\/digitaltools.javsdigital.com\/index.php?rest_route=\/wp\/v2\/media\/133"}],"wp:attachment":[{"href":"https:\/\/digitaltools.javsdigital.com\/index.php?rest_route=%2Fwp%2Fv2%2Fmedia&parent=123"}],"wp:term":[{"taxonomy":"product_brand","embeddable":true,"href":"https:\/\/digitaltools.javsdigital.com\/index.php?rest_route=%2Fwp%2Fv2%2Fproduct_brand&post=123"},{"taxonomy":"product_cat","embeddable":true,"href":"https:\/\/digitaltools.javsdigital.com\/index.php?rest_route=%2Fwp%2Fv2%2Fproduct_cat&post=123"},{"taxonomy":"product_tag","embeddable":true,"href":"https:\/\/digitaltools.javsdigital.com\/index.php?rest_route=%2Fwp%2Fv2%2Fproduct_tag&post=123"}],"curies":[{"name":"wp","href":"https:\/\/api.w.org\/{rel}","templated":true}]}}